{"id":191,"date":"2011-01-25T15:19:23","date_gmt":"2011-01-25T15:19:23","guid":{"rendered":"http:\/\/drgregor.at\/\/index.php\/"},"modified":"2011-04-04T09:10:41","modified_gmt":"2011-04-04T09:10:41","slug":"curriculum-vitae","status":"publish","type":"page","link":"https:\/\/www.drgregor.at\/index.php\/dr-gregor\/curriculum-vitae\/","title":{"rendered":"Curriculum Vitae"},"content":{"rendered":"<p>Ren\u00e9 Gregor MSc,<br \/>\nDr. med. univ et med. dent.<br \/>\nJahrgang 1961<br \/>\n<strong><br \/>\nAkademische Ausbildung:<\/strong><\/p>\n<ul>\n\t<\/ul>\n<ul>\n<li><strong>2008-2010:<\/strong><br \/>\nPostgraduales berufsbegleitendes Studium an der Bernhard Gottlieb Universit\u00e4tszahnklink f\u00fcr Parodontologie,<br \/>\nMasterthesis: A Pilotstudy to the potential of detetction of subgingival calculus of a 655nm GaAsP Laser.<\/li>\n<li><strong>2008-2010:<\/strong><br \/>\nTagungsleiter der Jahrestagung der <strong><a title=\"http:\/\/www.oegp.at\/\" href=\"http:\/\/www.oegp.at\/\" target=\"_blank\">\u00d6GP<\/a><\/strong><\/li>\n<\/ul>\n<ul>\n<li><strong>2003:<\/strong> Pr\u00fcfung zum Spezialist f\u00fcr Parodontologie der EDA (European Dental Association)<\/li>\n<\/ul>\n<ul>\n<li><strong>Seit 2000:<\/strong> Vorstandsmitglied der \u00f6sterreichischen Gesellschaft f\u00fcr Parodontologie (\u00d6GP)<\/li>\n<\/ul>\n<ul>\n<li><strong>1990:<\/strong> Er\u00f6ffnung der eigenen Ordination f\u00fcr \u00e4sthetische restaurative Zahnmedizin, Parodontologie und Implantologie<\/li>\n<\/ul>\n<ul>\n<li><strong>1988-1990:<\/strong> Facharztausbildung f\u00fcr Zahn, Mund und Kieferheilkunde an der Bernhard Gottlieb Universit\u00e4tszahnklinik<\/li>\n<\/ul>\n<ul>\n<li> <strong>1980-1987:<\/strong> Studium der Medizin an der medizinischen Universit\u00e4t Wien<\/li>\n<\/ul>\n","protected":false},"excerpt":{"rendered":"<p>Ren\u00e9 Gregor MSc, Dr. med. univ et med. dent. Jahrgang 1961 Akademische Ausbildung: 2008-2010: Postgraduales berufsbegleitendes Studium an der Bernhard Gottlieb Universit\u00e4tszahnklink f\u00fcr Parodontologie, Masterthesis: A Pilotstudy to the potential of detetction of subgingival calculus of a 655nm GaAsP Laser. 2008-2010: Tagungsleiter der Jahrestagung der \u00d6GP 2003: Pr\u00fcfung zum Spezialist f\u00fcr Parodontologie der EDA (European [&hellip;]<\/p>\n","protected":false},"author":4,"featured_media":0,"parent":157,"menu_order":0,"comment_status":"closed","ping_status":"closed","template":"startseite.php","meta":{"footnotes":""},"_links":{"self":[{"href":"https:\/\/www.drgregor.at\/index.php\/wp-json\/wp\/v2\/pages\/191"}],"collection":[{"href":"https:\/\/www.drgregor.at\/index.php\/wp-json\/wp\/v2\/pages"}],"about":[{"href":"https:\/\/www.drgregor.at\/index.php\/wp-json\/wp\/v2\/types\/page"}],"author":[{"embeddable":true,"href":"https:\/\/www.drgregor.at\/index.php\/wp-json\/wp\/v2\/users\/4"}],"replies":[{"embeddable":true,"href":"https:\/\/www.drgregor.at\/index.php\/wp-json\/wp\/v2\/comments?post=191"}],"version-history":[{"count":27,"href":"https:\/\/www.drgregor.at\/index.php\/wp-json\/wp\/v2\/pages\/191\/revisions"}],"predecessor-version":[{"id":441,"href":"https:\/\/www.drgregor.at\/index.php\/wp-json\/wp\/v2\/pages\/191\/revisions\/441"}],"up":[{"embeddable":true,"href":"https:\/\/www.drgregor.at\/index.php\/wp-json\/wp\/v2\/pages\/157"}],"wp:attachment":[{"href":"https:\/\/www.drgregor.at\/index.php\/wp-json\/wp\/v2\/media?parent=191"}],"curies":[{"name":"wp","href":"https:\/\/api.w.org\/{rel}","templated":true}]}}