{"id":202,"date":"2011-01-25T15:46:48","date_gmt":"2011-01-25T15:46:48","guid":{"rendered":"http:\/\/drgregor.at\/\/index.php\/"},"modified":"2014-02-12T19:38:59","modified_gmt":"2014-02-12T19:38:59","slug":"adhaesivtechnik","status":"publish","type":"page","link":"https:\/\/www.drgregor.at\/index.php\/adhaesivtechnik\/","title":{"rendered":"Adhaesivtechnik"},"content":{"rendered":"<p><strong>Adh\u00e4sivtechnik (vom lateinischen adhaerere \u201eanhaften\u201c), <\/strong><\/p>\n<p>auch Klebetechnik oder S\u00e4ure-\u00c4tz-Technik (S\u00c4T) genannt, ist eine Methode zur Befestigung von Zahnersatz in der Zahnmedizin.<\/p>\n<p>Die Adh\u00e4sivtechnik wird sowohl bei Komposit-F\u00fcllungen und beim Zementieren von Keramikf\u00fcllungen als auch beim Befestigen von Kronen, Verblendschalen (Veneer) und Klebebr\u00fccken mittels Komposit sowie bei der Fissurenversiegelung angewandt. Das Prinzip besteht darin, dass ein d\u00fcnnfl\u00fcssiger Kunststoff (Haftvermittler) einen Verbund zwischen der Zahnhartsubstanz (Schmelz, Dentin) und dem entsprechenden F\u00fcllungsmaterial (oft einem Komposit) eingeht.<\/p>\n","protected":false},"excerpt":{"rendered":"<p>Adh\u00e4sivtechnik (vom lateinischen adhaerere \u201eanhaften\u201c), auch Klebetechnik oder S\u00e4ure-\u00c4tz-Technik (S\u00c4T) genannt, ist eine Methode zur Befestigung von Zahnersatz in der Zahnmedizin. Die Adh\u00e4sivtechnik wird sowohl bei Komposit-F\u00fcllungen und beim Zementieren von Keramikf\u00fcllungen als auch beim Befestigen von Kronen, Verblendschalen (Veneer) und Klebebr\u00fccken mittels Komposit sowie bei der Fissurenversiegelung angewandt. Das Prinzip besteht darin, dass ein [&hellip;]<\/p>\n","protected":false},"author":4,"featured_media":0,"parent":0,"menu_order":3,"comment_status":"closed","ping_status":"closed","template":"adhaesivtechnik.php","meta":{"footnotes":""},"_links":{"self":[{"href":"https:\/\/www.drgregor.at\/index.php\/wp-json\/wp\/v2\/pages\/202"}],"collection":[{"href":"https:\/\/www.drgregor.at\/index.php\/wp-json\/wp\/v2\/pages"}],"about":[{"href":"https:\/\/www.drgregor.at\/index.php\/wp-json\/wp\/v2\/types\/page"}],"author":[{"embeddable":true,"href":"https:\/\/www.drgregor.at\/index.php\/wp-json\/wp\/v2\/users\/4"}],"replies":[{"embeddable":true,"href":"https:\/\/www.drgregor.at\/index.php\/wp-json\/wp\/v2\/comments?post=202"}],"version-history":[{"count":11,"href":"https:\/\/www.drgregor.at\/index.php\/wp-json\/wp\/v2\/pages\/202\/revisions"}],"predecessor-version":[{"id":583,"href":"https:\/\/www.drgregor.at\/index.php\/wp-json\/wp\/v2\/pages\/202\/revisions\/583"}],"wp:attachment":[{"href":"https:\/\/www.drgregor.at\/index.php\/wp-json\/wp\/v2\/media?parent=202"}],"curies":[{"name":"wp","href":"https:\/\/api.w.org\/{rel}","templated":true}]}}