{"id":246,"date":"2011-02-03T13:50:36","date_gmt":"2011-02-03T13:50:36","guid":{"rendered":"http:\/\/drgregor.at\/\/index.php\/"},"modified":"2011-04-04T09:17:13","modified_gmt":"2011-04-04T09:17:13","slug":"implantologie","status":"publish","type":"page","link":"https:\/\/www.drgregor.at\/index.php\/parodontologie-implantologie\/implantologie\/","title":{"rendered":"Implantologie"},"content":{"rendered":"<p><strong>Implantologie \u2013 festsitzender Langzeitzahnersatz<\/strong><\/p>\n<p>1965 wurden in Schweden von Per-Ingvar Branemark  erstmals Implantate verwendet deren Material (Titan) und Design die  Grundlagen und Prinzipien der heute verwendeten Implantate darstellten  und immer noch darstellen. Branemark beschrieb als Erster den direkten  Kontakt zwischen Knochen und Titan, die sogenannte Osseointegration.<\/p>\n<p>Implantate haben nicht nur die M\u00f6glichkeiten der  Zahnmedizin festsitzenden Zahnersatz zu verwenden, revolutioniert,  sondern auch zu einem Paradigmenwechsel in der Parodontologie gef\u00fchrt.<\/p>\n<p>Die Notwendigkeit einen durch Parodontitis schwer  erkrankten Zahn unter allen Umst\u00e4nden zu erhalten, wurde von  \u00dcberlegungen abgel\u00f6st durch ein Implantat einen sehr guten festsitzenden  Langzeitersatz zu schaffen.<\/p>\n<p>Sehr wichtig ist in diesem Zusammenhang allerdings,  dass das Implantat in einem Gebiss integriert wird, dass von einem  m\u00f6glichst entz\u00fcndungsfreien, gesunden Zahnhalteapparat getragen wird.<\/p>\n<p>Befindet sich ein Implantat in einer durch  Parodontitis erkrankten Mundh\u00f6hle, so steigt sein Risiko an  Periimplantitis zu erkranken. Periimplantitis f\u00fchrt zum Verlust von  Implantaten, \u00e4hnlich wie die Parodontitis und kann nach heutigem Stand  des Wissens, voraussagbar nur durch einen kieferchirugischen Eingriff  saniert werden. Dieser sollte am besten von  parodontologisch-implantologisch spezialisierten Zahn\u00e4rzten durchgef\u00fchrt werden.<\/p>\n","protected":false},"excerpt":{"rendered":"<p>Implantologie \u2013 festsitzender Langzeitzahnersatz 1965 wurden in Schweden von Per-Ingvar Branemark erstmals Implantate verwendet deren Material (Titan) und Design die Grundlagen und Prinzipien der heute verwendeten Implantate darstellten und immer noch darstellen. Branemark beschrieb als Erster den direkten Kontakt zwischen Knochen und Titan, die sogenannte Osseointegration. Implantate haben nicht nur die M\u00f6glichkeiten der Zahnmedizin festsitzenden [&hellip;]<\/p>\n","protected":false},"author":4,"featured_media":0,"parent":184,"menu_order":0,"comment_status":"closed","ping_status":"closed","template":"Implantologie.php","meta":{"footnotes":""},"_links":{"self":[{"href":"https:\/\/www.drgregor.at\/index.php\/wp-json\/wp\/v2\/pages\/246"}],"collection":[{"href":"https:\/\/www.drgregor.at\/index.php\/wp-json\/wp\/v2\/pages"}],"about":[{"href":"https:\/\/www.drgregor.at\/index.php\/wp-json\/wp\/v2\/types\/page"}],"author":[{"embeddable":true,"href":"https:\/\/www.drgregor.at\/index.php\/wp-json\/wp\/v2\/users\/4"}],"replies":[{"embeddable":true,"href":"https:\/\/www.drgregor.at\/index.php\/wp-json\/wp\/v2\/comments?post=246"}],"version-history":[{"count":20,"href":"https:\/\/www.drgregor.at\/index.php\/wp-json\/wp\/v2\/pages\/246\/revisions"}],"predecessor-version":[{"id":443,"href":"https:\/\/www.drgregor.at\/index.php\/wp-json\/wp\/v2\/pages\/246\/revisions\/443"}],"up":[{"embeddable":true,"href":"https:\/\/www.drgregor.at\/index.php\/wp-json\/wp\/v2\/pages\/184"}],"wp:attachment":[{"href":"https:\/\/www.drgregor.at\/index.php\/wp-json\/wp\/v2\/media?parent=246"}],"curies":[{"name":"wp","href":"https:\/\/api.w.org\/{rel}","templated":true}]}}