{"id":779,"date":"2018-05-23T10:09:39","date_gmt":"2018-05-23T10:09:39","guid":{"rendered":"http:\/\/www.drgregor.at\/?page_id=779"},"modified":"2018-05-24T08:49:35","modified_gmt":"2018-05-24T08:49:35","slug":"datenschutz-privacy-protection","status":"publish","type":"page","link":"https:\/\/www.drgregor.at\/index.php\/datenschutz-privacy-protection\/","title":{"rendered":"Datenschutz"},"content":{"rendered":"<p><strong>DATENSCHUTZERKL\u00c4RUNG \u2013 Dr. Rene Gregor MSc<\/strong><\/p>\n<p><strong>Wer ist f\u00fcr die Datenverarbeitung verantwortlich<\/strong><\/p>\n<p>Verantwortlich ist Dr. Rene Gregor MSc.<\/p>\n<p><strong>Welche Daten werden verarbeitet zu welchem Zweck und aus welchen Quellen stammen diese Daten?<\/strong><\/p>\n<p>Wir erheben, verarbeiten und nutzen personenbezogene Daten nur mit ausdr\u00fccklich erteilter Einwilligung bzw. soweit diese f\u00fcr die Begr\u00fcndung, inhaltliche Ausgestaltung oder \u00c4nderung des Rechtsverh\u00e4ltnisses erforderlich sind (Bestandsdaten). Personenbezogene Daten \u00fcber die Inanspruchnahme unserer Internetseiten (Nutzungsdaten) erheben, verarbeiten und nutzen wir nur, soweit dies erforderlich ist, um dem Nutzer die Inanspruchnahme des Dienstes zu erm\u00f6glichen bzw. f\u00fcr interne statistische Zwecke.<\/p>\n<p><strong>Wer erh\u00e4lt ihre Daten?<\/strong><\/p>\n<p>Wir \u00fcbermitteln personenbezogene Daten an Dritte nur im Rahmen einer erteilten Einwilligung. Eine weitergehende \u00dcbermittlung der Daten erfolgt nicht bzw. nur dann, wenn Sie der \u00dcbermittlung ausdr\u00fccklich zugestimmt haben. Eine Weitergabe Ihrer Daten an Dritte ohne ausdr\u00fcckliche Einwilligung etwa zu Zwecken der Werbung erfolgt nicht.<\/p>\n<p><strong>Wie lange werden ihre Daten gespeichert und verarbeitet?<\/strong><\/p>\n<p>F\u00fcr die Dauer der gesamten Gesch\u00e4ftsbeziehung (von der Anbahnung \u00fcber die Abwicklung bis hin zur Beendigung eines Vertrags) sowie dar\u00fcber hinaus gem\u00e4\u00df den gesetzlichen Aufbewahrungs- und Dokumentationspflichten und solange eine gesch\u00e4ftliches Interesse besteht.<\/p>\n<p><strong>Sind Sie zur Bereitstellung von Daten verpflichtet?<\/strong><\/p>\n<p>Sie m\u00fcssen jene personenbezogenen Daten bereitstellen, die f\u00fcr die Aufnahme und Durchf\u00fchrung unserer Gesch\u00e4ftsbeziehung erforderlich sind und zu deren Erhebung wir gesetzlich verpflichtet sind.<\/p>\n<p>Sofern Sie uns die Daten nicht zur Verf\u00fcgung stellen wollen, m\u00fcssen wir den Abschluss des Vertrages oder die Ausf\u00fchrung des Auftrags in der Regel ablehnen. Einen bestehenden Vertrag k\u00f6nnen wir in diesem Fall nicht mehr durchf\u00fchren und m\u00fcssen diesen folglich beenden.<\/p>\n<p>Nicht verpflichtet sind Sie allerdings, eine Einwilligung zur Verarbeitung von jenen Daten zu erteilen, die f\u00fcr die Vertragserf\u00fcllung nicht relevant bzw. nicht gesetzlich und\/oder regulatorisch erforderlich sind.<\/p>\n<p><strong>Gibt es eine automatische Entscheidungsfindung einschlie\u00dflich Profiling?<\/strong><\/p>\n<p>Wir nutzen keine automatisierten Entscheidungsfindungen nach Art 22 DSGVO zur Herbeif\u00fchrung einer Entscheidung \u00fcber die Begr\u00fcndung und Durchf\u00fchrung der Gesch\u00e4ftsbeziehung.<\/p>\n<p><strong>Kommunikation<\/strong><\/p>\n<p>Wenn Sie mit uns aufgrund einer Anfrage per Email, Telefon, SMS usw. kommunizieren, so bewahren wir unsere Antworten an Sie zusammen mit ihren Anfragen auf.<\/p>\n<p><strong>Nutzung von Cookies<\/strong><\/p>\n<p>Die Internetseiten verwenden teilweise so genannte Cookies. Diese dienen dazu, unser Angebot nutzerfreundlicher, effektiver und sicherer zu machen. Cookies sind kleine Textdateien, die auf Ihrem Rechner abgelegt werden und die Ihr Browser speichert. Die meisten der von uns verwendeten Cookies sind so genannte &#8222;Session-Cookies&#8220;. Sie werden nach Ende Ihres Besuchs automatisch gel\u00f6scht. Cookies richten auf Ihrem Rechner keinen Schaden an und enthalten keine Viren. Sie k\u00f6nnen die Installation der Cookies durch eine entsprechende Einstellung Ihrer Browser-Software verhindern. Wir bieten ihnen zus\u00e4tzlich die M\u00f6glichkeit, die Speicherung von Cookies beim erstmaligen Besuch der Seite abzulehnen.<\/p>\n<p><strong>Google Analytics: Datenschutz und Widerspruchsm\u00f6glichkeit<\/strong><\/p>\n<p>Die Website drgregor.at verwendet Funktionen des Webanalysedienstes Google Analytics. Dazu werden Cookies verwendet, die eine Analyse der Benutzung der Website durch Ihre Benutzer erm\u00f6glicht. Die dadurch erzeugten Informationen werden auf den Server des Anbieters \u00fcbertragen und dort gespeichert. Sie k\u00f6nnen die Erfassung durch Google Analytics verhindern, indem Sie auf folgende Verkn\u00fcpfung klicken. Es wird ein Opt-Out-Cookie gesetzt, das die zuk\u00fcnftige Erfassung Ihrer Daten beim Besuch dieser Website verhindert, solange das Cookie nicht gel\u00f6scht wird: Google Analytics deaktivieren.<\/p>\n<p>Sie k\u00f6nnen die Zustimmung zu google analytics auch \u00fcber ein opt-out bei dem Besuch unserer Webseite entziehen. Es wird dann ein Cookie auf ihrem Rechner gespeichert, das weitere Nutzeranalysen verhindert.<\/p>\n<p>Wir haben mit dem Anbieter einen entsprechenden Vertrag zur Auftragsdatenverarbeitung abgeschlossen. Ihre IP-Adresse wird erfasst, aber umgehend [zB. durch L\u00f6schung der letzten 8 Bit] pseudonymisiert. Dadurch ist nur mehr eine grobe Lokalisierung m\u00f6glich.<\/p>\n<p>Die Datenverarbeitung erfolgt auf Basis der gesetzlichen Bestimmungen des \u00a7 96 Abs 3 TKG sowie des Art 6 Abs 1 lit a (Einwilligung) und\/oder f (berechtigtes Interesse) der DSGVO.<\/p>\n<p>Die Nutzerdaten werden f\u00fcr die Dauer von 12 Monaten aufbewahrt.<\/p>\n<p><strong>Datensicherheit<\/strong><\/p>\n<p>Ihre Datensicherheit ist unser h\u00f6chstes Anliegen. Unser erkl\u00e4rtes Ziel ist es, alle erforderlichen technischen und organisatorischen Ma\u00dfnahmen zu treffen, um die Sicherheit der Datenverarbeitung zu gew\u00e4hrleisten und Ihre personenbezogenen Daten so zu verarbeiten, dass sie vor Zugriffen durch unbefugte Dritte gesch\u00fctzt sind.<\/p>\n<p><strong>Welche Datenschutzrechte stehen Ihnen zu?<\/strong><\/p>\n<p>Sie haben jederzeit<\/p>\n<ul>\n<li>das Recht auf Auskunft, Berichtigung, L\u00f6schung oder Einschr\u00e4nkung der Verarbeitung Ihrer gespeicherten Daten<\/li>\n<li>ein Widerspruchsrecht gegen die Verarbeitung<\/li>\n<li>ein Recht auf Daten\u00fcbertragbarkeit gem\u00e4\u00df den Voraussetzungen des Datenschutzrechtes<\/li>\n<li>Beschwerde bei der Datenschutzbeh\u00f6rde<\/li>\n<\/ul>\n<p>Auskunft \u00fcber die gespeicherten Daten gibt der Datenschutzbeauftragte des Unternehmens. Wenn Sie Fragen zum Thema personenbezogene Daten haben, die Ihnen diese Datenschutzerkl\u00e4rung nicht beantworten konnte, k\u00f6nnen Sie sich jederzeit unter folgender eMail-Adresse an uns wenden:<\/p>\n<p>office@drgregor.at<\/p>\n<p><strong>oder schriftlich unter:<\/strong><\/p>\n<p><strong>Dr. Rene Gregor \u2013 Facharzt f\u00fcr Zahn- Mund- u. Kieferheilkunde<\/strong><\/p>\n<p>Bayerngasse 3\/11 | 1030 Wien<\/p>\n<p>Wir werden Ihre Anfrage dann entsprechend der gesetzlichen Vorschriften bearbeiten.<\/p>\n<p><strong>Vorbehalt<\/strong><\/p>\n<p>Wir behalten uns vor diese Datenschutzerkl\u00e4rung anzupassen, sofern sich die technischen Gegebenheiten oder die juristischen Vorgaben \u00e4ndern.<\/p>\n<p>&nbsp;<\/p>\n","protected":false},"excerpt":{"rendered":"<p>DATENSCHUTZERKL\u00c4RUNG \u2013 Dr. Rene Gregor MSc Wer ist f\u00fcr die Datenverarbeitung verantwortlich Verantwortlich ist Dr. Rene Gregor MSc. Welche Daten werden verarbeitet zu welchem Zweck und aus welchen Quellen stammen diese Daten? Wir erheben, verarbeiten und nutzen personenbezogene Daten nur mit ausdr\u00fccklich erteilter Einwilligung bzw. soweit diese f\u00fcr die Begr\u00fcndung, inhaltliche Ausgestaltung oder \u00c4nderung des [&hellip;]<\/p>\n","protected":false},"author":4,"featured_media":0,"parent":0,"menu_order":0,"comment_status":"closed","ping_status":"closed","template":"Impressum.php","meta":{"footnotes":""},"_links":{"self":[{"href":"https:\/\/www.drgregor.at\/index.php\/wp-json\/wp\/v2\/pages\/779"}],"collection":[{"href":"https:\/\/www.drgregor.at\/index.php\/wp-json\/wp\/v2\/pages"}],"about":[{"href":"https:\/\/www.drgregor.at\/index.php\/wp-json\/wp\/v2\/types\/page"}],"author":[{"embeddable":true,"href":"https:\/\/www.drgregor.at\/index.php\/wp-json\/wp\/v2\/users\/4"}],"replies":[{"embeddable":true,"href":"https:\/\/www.drgregor.at\/index.php\/wp-json\/wp\/v2\/comments?post=779"}],"version-history":[{"count":9,"href":"https:\/\/www.drgregor.at\/index.php\/wp-json\/wp\/v2\/pages\/779\/revisions"}],"predecessor-version":[{"id":791,"href":"https:\/\/www.drgregor.at\/index.php\/wp-json\/wp\/v2\/pages\/779\/revisions\/791"}],"wp:attachment":[{"href":"https:\/\/www.drgregor.at\/index.php\/wp-json\/wp\/v2\/media?parent=779"}],"curies":[{"name":"wp","href":"https:\/\/api.w.org\/{rel}","templated":true}]}}